{"id":24,"date":"2022-07-18T11:06:16","date_gmt":"2022-07-18T11:06:16","guid":{"rendered":"http:\/\/dasistleben.com\/vl\/?page_id=24"},"modified":"2022-07-19T15:31:30","modified_gmt":"2022-07-19T15:31:30","slug":"about","status":"publish","type":"page","link":"http:\/\/dasistleben.com\/sl\/about\/","title":{"rendered":"Vladimir Leben \u2013 O meni"},"content":{"rendered":"<p>Vladimir Leben, letnik 1971, je odra\u0161\u010dal v Sevnici, Srednjo \u0161olo za oblikovanje in fotografijo ter Akademijo za likovno umetnost je obiskoval v Ljubljani. Sodeloval je na \u0161tevilnih samostojnih in skupinskih razstavah doma in v tujini, med odmevnej\u0161e sodi projekt Galapagos. Je soustanovitelj Muzeja premoderne umetnosti. Poleg slikarstva se ukvarja tudi z animacijo in ilustracijo. Je dobitnik prve nagrade za animacijo na 10. Festivalu slovenskega filma v Portoro\u017eu leta 2007 in prejemnik priznanja Hinka Smrekarja na 10. Slovenskem bienalu ilustracije leta 2012. Leta 2014 je re\u017eiser Amir Muratovi\u0107 za RTV Slovenija v okviru serije Zapeljevanje pogleda posnel njegov portret. \u017divi in dela v Ljubljani.<\/p>\n\n\n\n<p><a href=\"\/sl\/.\/curriculum-vitae\/\">Curriculum vitae<\/a><\/p>","protected":false},"excerpt":{"rendered":"<p>Vladimir Leben, born in 1971, spent his childhood years in Sevnica and later moved to Ljubljana, where he attended Secondary School for Design and Photography and Academy of Fine Arts and Design. He has participated in numerous solo and group exhibitions both home and abroad, with Galapagos project as one of the most successful. He [&hellip;]<\/p>\n","protected":false},"author":1,"featured_media":0,"parent":0,"menu_order":0,"comment_status":"closed","ping_status":"closed","template":"","meta":{"om_disable_all_campaigns":false,"_monsterinsights_skip_tracking":false,"_monsterinsights_sitenote_active":false,"_monsterinsights_sitenote_note":"","_monsterinsights_sitenote_category":0,"footnotes":""},"class_list":["post-24","page","type-page","status-publish","hentry"],"aioseo_notices":[],"_links":{"self":[{"href":"http:\/\/dasistleben.com\/sl\/wp-json\/wp\/v2\/pages\/24","targetHints":{"allow":["GET"]}}],"collection":[{"href":"http:\/\/dasistleben.com\/sl\/wp-json\/wp\/v2\/pages"}],"about":[{"href":"http:\/\/dasistleben.com\/sl\/wp-json\/wp\/v2\/types\/page"}],"author":[{"embeddable":true,"href":"http:\/\/dasistleben.com\/sl\/wp-json\/wp\/v2\/users\/1"}],"replies":[{"embeddable":true,"href":"http:\/\/dasistleben.com\/sl\/wp-json\/wp\/v2\/comments?post=24"}],"version-history":[{"count":7,"href":"http:\/\/dasistleben.com\/sl\/wp-json\/wp\/v2\/pages\/24\/revisions"}],"predecessor-version":[{"id":223,"href":"http:\/\/dasistleben.com\/sl\/wp-json\/wp\/v2\/pages\/24\/revisions\/223"}],"wp:attachment":[{"href":"http:\/\/dasistleben.com\/sl\/wp-json\/wp\/v2\/media?parent=24"}],"curies":[{"name":"wp","href":"https:\/\/api.w.org\/{rel}","templated":true}]}}